{"id":2,"date":"2021-04-14T16:22:43","date_gmt":"2021-04-14T14:22:43","guid":{"rendered":"http:\/\/metamour.fr\/?page_id=2"},"modified":"2022-01-09T17:47:47","modified_gmt":"2022-01-09T16:47:47","slug":"page-d-exemple","status":"publish","type":"page","link":"https:\/\/metamour.fr\/?page_id=2","title":{"rendered":"\u00c0 propos"},"content":{"rendered":"\n<p><em>Metamour<\/em>&nbsp;a pour vocation de porter un regard critique sur la repr\u00e9sentation des relations polyamoureuses (et plus largement, non-exclusives) dans les \u0153uvres de fiction, quel que soit le m\u00e9dium artistique. \u00c0 terme,&nbsp;<em>Metamour<\/em>&nbsp;pourrait constituer une base de donn\u00e9e des fictions qui traitent de ce sujet. Les fictions qu\u2019on consomme fonctionnent comme des mod\u00e8les, c\u2019est \u00e0 dire qu\u2019elles impactent notre conception de ce qui est possible.&nbsp;\u00c0 l\u2019heure o\u00f9 des alternatives \u00e0 la norme monogame prennent de l\u2019ampleur, comment sont-elles per\u00e7ues dans la fiction, et quelles images ces fictions contribuent-elles en retour \u00e0 fa\u00e7onner ?<\/p>\n\n\n\n<p>Ma philosophie personnelle est la suivante : je ne crois pas au spoil. Je vais donc parler en d\u00e9tail du contenu des \u0153uvres que je critique. Si c\u2019est un probl\u00e8me pour toi, ne lis pas les articles sur des \u0153uvres que tu ne connais pas.<br><br><em>Metamour<\/em> a \u00e9t\u00e9 cr\u00e9\u00e9 d\u00e9but 2017, mais sa premi\u00e8re version a disparu suite \u00e0 l&rsquo;incendie du serveur qui l&rsquo;h\u00e9bergeait. La version actuelle date de d\u00e9but 2022.<\/p>\n\n\n\n<h2 class=\"wp-block-heading\">Pourquoi&nbsp;<em>Metamour<\/em>&nbsp;?<\/h2>\n\n\n\n<p>Dans le vocabulaire polyamoureux, un\u00b7e metamour d\u00e9signe le ou la partenaire d\u2019un\u00b7e de mes partenaires, avec qui je ne suis pas moi-m\u00eame en relation intime.<br>Par ailleurs, meta est un pr\u00e9fixe qui peut faire r\u00e9f\u00e9rence au niveau d\u2019abstraction sup\u00e9rieur d\u2019un concept, ici le polyamour, puisque je&nbsp;ne parlerais pas directement des pratiques, mais de la repr\u00e9sentation des pratiques.<\/p>\n\n\n\n<h2 class=\"wp-block-heading\">Contact<\/h2>\n\n\n\n<p>Je suis ouverte aux suggestions d\u2019oeuvres \u00e0 critiquer, tu peux m\u2019envoyer les tiennes \u00e0&nbsp;<a href=\"https:\/\/web.archive.org\/web\/20210117175726\/mailto:leila.metamour@gmail.com\">leila.metamour@gmail.com<\/a><\/p>\n\n\n\n<p>NB : je ne m\u2019int\u00e9resserai qu\u2019aux relations non-exclusives consensuelles. C\u2019est-\u00e0-dire que si la fiction ne traite que d\u2019infid\u00e9lit\u00e9, elle ne sera pas critiqu\u00e9e ici.<\/p>\n\n\n\n<h2 class=\"wp-block-heading\">\u00c9criture inclusive<\/h2>\n\n\n\n<p>Pour pallier le sexisme de la langue fran\u00e7aise telle qu\u2019elle est aujourd\u2019hui majoritairement pratiqu\u00e9e, j\u2019aurais recours \u00e0 l\u2019\u00e9criture inclusive, entre autres pour ne pas invisibiliser les femmes. J\u2019aurais sans doute \u00e9galement recours de temps \u00e0 temps \u00e0 des pronoms encore peu r\u00e9pandus, par exemple \u00ab\u00a0iel\u00a0\u00bb, qui permet de se r\u00e9f\u00e9rer \u00e0 une personne non-binaire, c\u2019est-\u00e0-dire qui ne s\u2019identifie ni comme homme, ni comme femme.<br>Si tu n\u2019es pas famili\u00e8r\u00b7e avec le sujet, je t\u2019invite \u00e0 aller te renseigner, par exemple avec\u00a0<a href=\"https:\/\/web.archive.org\/web\/20210117175726\/https:\/\/simonae.fr\/militantisme\/feminismes\/les-bases\/ecriture-inclusive-non-sexiste\/\">cet article<\/a>\u00a0de Simonae sur l\u2019\u00e9criture non-sexiste !<\/p>\n","protected":false},"excerpt":{"rendered":"<p>Metamour&nbsp;a pour vocation de porter un regard critique sur la repr\u00e9sentation des relations polyamoureuses (et plus largement, non-exclusives) dans les \u0153uvres de fiction, quel que soit le m\u00e9dium artistique. \u00c0 terme,&nbsp;Metamour&nbsp;pourrait constituer une base de donn\u00e9e des fictions qui traitent de ce sujet. Les fictions qu\u2019on consomme fonctionnent comme des mod\u00e8les, c\u2019est \u00e0 dire qu\u2019elles&#8230;<\/p>\n","protected":false},"author":1,"featured_media":0,"parent":0,"menu_order":0,"comment_status":"closed","ping_status":"open","template":"","meta":{"footnotes":""},"class_list":["post-2","page","type-page","status-publish","hentry"],"_links":{"self":[{"href":"https:\/\/metamour.fr\/index.php?rest_route=\/wp\/v2\/pages\/2","targetHints":{"allow":["GET"]}}],"collection":[{"href":"https:\/\/metamour.fr\/index.php?rest_route=\/wp\/v2\/pages"}],"about":[{"href":"https:\/\/metamour.fr\/index.php?rest_route=\/wp\/v2\/types\/page"}],"author":[{"embeddable":true,"href":"https:\/\/metamour.fr\/index.php?rest_route=\/wp\/v2\/users\/1"}],"replies":[{"embeddable":true,"href":"https:\/\/metamour.fr\/index.php?rest_route=%2Fwp%2Fv2%2Fcomments&post=2"}],"version-history":[{"count":3,"href":"https:\/\/metamour.fr\/index.php?rest_route=\/wp\/v2\/pages\/2\/revisions"}],"predecessor-version":[{"id":27,"href":"https:\/\/metamour.fr\/index.php?rest_route=\/wp\/v2\/pages\/2\/revisions\/27"}],"wp:attachment":[{"href":"https:\/\/metamour.fr\/index.php?rest_route=%2Fwp%2Fv2%2Fmedia&parent=2"}],"curies":[{"name":"wp","href":"https:\/\/api.w.org\/{rel}","templated":true}]}}